{"id":3345,"date":"2026-03-18T16:52:49","date_gmt":"2026-03-18T16:52:49","guid":{"rendered":"https:\/\/ohmylittlepet.com\/?post_type=product&#038;p=3345"},"modified":"2026-03-18T16:52:49","modified_gmt":"2026-03-18T16:52:49","slug":"wooden-hideout","status":"publish","type":"product","link":"https:\/\/ohmylittlepet.com\/fi\/shop\/wooden-hideout\/","title":{"rendered":"Puinen m\u00f6kki"},"content":{"rendered":"<p data-path-to-node=\"5\">Tarjoa karvaiselle yst\u00e4v\u00e4llesi levollinen nukkumapaikka t\u00e4ss\u00e4 puisessa piilopaikassa. Se on mitoitettu sopivaksi chinchilloille, rotille, deguille ja muille pienlemmikeille tarjoten turvallisen ymp\u00e4rist\u00f6n nukkumiseen ja rentoutumiseen. Tyylikk\u00e4\u00e4ss\u00e4 muotoilussa on py\u00f6re\u00e4 koristeikkuna ja tilava oviaukko josta lemmikin on helppo kulkea.<\/p>\n<p data-path-to-node=\"6\">T\u00e4m\u00e4 piilopaikka on eritt\u00e4in monik\u00e4ytt\u00f6inen, sill\u00e4 siin\u00e4 on valmiit kiinnikkeet h\u00e4kin pinnoihin kiinnitt\u00e4mist\u00e4 varten. Kiinnitys est\u00e4\u00e4 m\u00f6kin kaatumisen tai siirtymisen, mik\u00e4 on erityisen t\u00e4rke\u00e4\u00e4 chinchillan kaltaisille aktiivisille lemmikeille. Voit my\u00f6s vaihtoehtoisesti asettaa sen suoraan tasolle tai h\u00e4kin pohjalle. Valmistettu turvallisesta ja kest\u00e4v\u00e4st\u00e4 puusta, t\u00e4m\u00e4 talo on k\u00e4yt\u00e4nn\u00f6llinen ja kaunis lis\u00e4 lemmikkisi kotiin.<\/p>\n<p data-start=\"731\" data-end=\"920\">Kiinnitysruuvit ja kiinnikkeet mukana.<\/p>\n<p>&nbsp;<\/p>\n<p data-start=\"731\" data-end=\"920\"><strong>Mitat: <\/strong>20 x 20 x 30 cm<\/p>\n<p data-start=\"731\" data-end=\"920\"><b>Mittavaihtelu:<\/b> 0.5-1 cm<\/p>\n<p>&nbsp;<\/p>\n<p data-start=\"731\" data-end=\"920\"><strong>Turvallisuusvinkki:<\/strong><\/p>\n<p data-start=\"731\" data-end=\"920\">Always ensure the product is securely mounted before use. Regularly check the wood and mounting screws for wear or damage, and remove the product if it becomes unstable or unsafe for your pet.<\/p>","protected":false},"excerpt":{"rendered":"<p>Luonnollinen puinen piilopaikka joka on suunniteltu chinchilloille, rotille ja deguille. T\u00e4m\u00e4 tukeva m\u00f6kki voidaan kiinnitt\u00e4\u00e4 turvallisesti h\u00e4kin sein\u00e4\u00e4n takana olevilla kiinnikkeill\u00e4 tai asettaa tasolle luomaan turvallinen ja kotoisa pes\u00e4paikka.<\/p>","protected":false},"featured_media":3346,"template":"","meta":{"site-sidebar-layout":"default","site-content-layout":"","ast-site-content-layout":"default","site-content-style":"default","site-sidebar-style":"default","ast-global-header-display":"","ast-banner-title-visibility":"","ast-main-header-display":"","ast-hfb-above-header-display":"","ast-hfb-below-header-display":"","ast-hfb-mobile-header-display":"","site-post-title":"","ast-breadcrumbs-content":"","ast-featured-img":"","footer-sml-layout":"","ast-disable-related-posts":"","theme-transparent-header-meta":"default","adv-header-id-meta":"","stick-header-meta":"","header-above-stick-meta":"","header-main-stick-meta":"","header-below-stick-meta":"","astra-migrate-meta-layouts":"set","ast-page-background-enabled":"default","ast-page-background-meta":{"desktop":{"background-color":"var(--ast-global-color-4)","background-image":"","background-repeat":"repeat","background-position":"center center","background-size":"auto","background-attachment":"scroll","background-type":"","background-media":"","overlay-type":"","overlay-color":"","overlay-opacity":"","overlay-gradient":""},"tablet":{"background-color":"","background-image":"","background-repeat":"repeat","background-position":"center center","background-size":"auto","background-attachment":"scroll","background-type":"","background-media":"","overlay-type":"","overlay-color":"","overlay-opacity":"","overlay-gradient":""},"mobile":{"background-color":"","background-image":"","background-repeat":"repeat","background-position":"center center","background-size":"auto","background-attachment":"scroll","background-type":"","background-media":"","overlay-type":"","overlay-color":"","overlay-opacity":"","overlay-gradient":""}},"ast-content-background-meta":{"desktop":{"background-color":"var(--ast-global-color-5)","background-image":"","background-repeat":"repeat","background-position":"center center","background-size":"auto","background-attachment":"scroll","background-type":"","background-media":"","overlay-type":"","overlay-color":"","overlay-opacity":"","overlay-gradient":""},"tablet":{"background-color":"var(--ast-global-color-5)","background-image":"","background-repeat":"repeat","background-position":"center center","background-size":"auto","background-attachment":"scroll","background-type":"","background-media":"","overlay-type":"","overlay-color":"","overlay-opacity":"","overlay-gradient":""},"mobile":{"background-color":"var(--ast-global-color-5)","background-image":"","background-repeat":"repeat","background-position":"center center","background-size":"auto","background-attachment":"scroll","background-type":"","background-media":"","overlay-type":"","overlay-color":"","overlay-opacity":"","overlay-gradient":""}}},"product_brand":[],"product_cat":[53],"product_tag":[80,76,163,164,166,169,168,167,170,77,171,172,173],"class_list":{"0":"post-3345","1":"product","2":"type-product","3":"status-publish","4":"has-post-thumbnail","6":"product_cat-woodenproducts","7":"product_tag-chinchilla-accessories","8":"product_tag-chinchilla-hideout","9":"product_tag-chinchilla-house","10":"product_tag-chinchilla-mokki","11":"product_tag-chinchilla-puuhapaikka","12":"product_tag-degu-hideout","13":"product_tag-degu-house","14":"product_tag-degu-mokki","15":"product_tag-rat-hideout","16":"product_tag-rat-house","17":"product_tag-rotta-mokki","18":"product_tag-rotta-puuhapaikka","19":"product_tag-small-pet-house","20":"desktop-align-left","21":"tablet-align-left","22":"mobile-align-left","24":"first","25":"instock","26":"shipping-taxable","27":"purchasable","28":"product-type-simple"},"jetpack_sharing_enabled":true,"_links":{"self":[{"href":"https:\/\/ohmylittlepet.com\/fi\/wp-json\/wp\/v2\/product\/3345","targetHints":{"allow":["GET"]}}],"collection":[{"href":"https:\/\/ohmylittlepet.com\/fi\/wp-json\/wp\/v2\/product"}],"about":[{"href":"https:\/\/ohmylittlepet.com\/fi\/wp-json\/wp\/v2\/types\/product"}],"wp:featuredmedia":[{"embeddable":true,"href":"https:\/\/ohmylittlepet.com\/fi\/wp-json\/wp\/v2\/media\/3346"}],"wp:attachment":[{"href":"https:\/\/ohmylittlepet.com\/fi\/wp-json\/wp\/v2\/media?parent=3345"}],"wp:term":[{"taxonomy":"product_brand","embeddable":true,"href":"https:\/\/ohmylittlepet.com\/fi\/wp-json\/wp\/v2\/product_brand?post=3345"},{"taxonomy":"product_cat","embeddable":true,"href":"https:\/\/ohmylittlepet.com\/fi\/wp-json\/wp\/v2\/product_cat?post=3345"},{"taxonomy":"product_tag","embeddable":true,"href":"https:\/\/ohmylittlepet.com\/fi\/wp-json\/wp\/v2\/product_tag?post=3345"}],"curies":[{"name":"wp","href":"https:\/\/api.w.org\/{rel}","templated":true}]}}