{"id":3333,"date":"2026-03-18T16:07:10","date_gmt":"2026-03-18T16:07:10","guid":{"rendered":"https:\/\/ohmylittlepet.com\/?post_type=product&#038;p=3333"},"modified":"2026-03-18T18:05:56","modified_gmt":"2026-03-18T18:05:56","slug":"hanging-cube-chinchilla","status":"publish","type":"product","link":"https:\/\/ohmylittlepet.com\/fi\/shop\/hanging-cube-chinchilla\/","title":{"rendered":"Hanging Cube"},"content":{"rendered":"<p data-path-to-node=\"3\">Luo chinchillallesi t\u00e4ydellinen nukkumapaikka t\u00e4ll\u00e4 pehme\u00e4ll\u00e4 kuutiolla. Tyylikk\u00e4\u00e4ll\u00e4 chinchilla-kuosilla varustettu kuutio on mitoitettu sopivaksi chinchilloille ja muille pienlemmikeille, jotka rakastavat piiloutumista ja turvallista ymp\u00e4rist\u00f6\u00e4.<\/p>\n<p data-path-to-node=\"4\">Kuutio on suunniteltu ripustettavaksi h\u00e4kin kattoon, mutta sit\u00e4 voi yht\u00e4 hyvin k\u00e4ytt\u00e4\u00e4 tason p\u00e4\u00e4lle asetettavana piilopaikkana mill\u00e4 tahansa tasaisella pinnalla. Sis\u00e4puoli on vuorattu korkealaatuisella ja nukkaantumattomalla fleecell\u00e4, joka s\u00e4ilytt\u00e4\u00e4 pehmeytens\u00e4 useidenkin pesujen j\u00e4lkeen ja takaa lemmikillesi ensiluokkaisen mukavuuden.<\/p>\n<p data-path-to-node=\"5\">Jokaisen kuution mukana tulee kaksi irrotettavaa mattoa, jotta voit helposti vaihtaa puhtaan alustan tilalle ilman koko kuution pesemist\u00e4. T\u00e4m\u00e4 k\u00e4sity\u00f6n\u00e4 valmistettu tuote on rakenteeltaan kest\u00e4v\u00e4 ja suunniteltu erityisesti pitk\u00e4ik\u00e4iseen k\u00e4ytt\u00f6\u00f6n vilkkaassa lemmikkiymp\u00e4rist\u00f6ss\u00e4.<\/p>\n<p>Kiinnikkeet ja ketjut mukana.<\/p>\n<p><strong>Mitat: <\/strong>20&#215;20 cm<\/p>\n<p><strong>Mittavaihtelu:<\/strong> 0.5\u20131 cm<\/p>\n<p><strong>Turvallisuusvinkki:<\/strong> Lemmikit k\u00e4ytt\u00e4ytyv\u00e4t tekstiilituotteiden kanssa eri tavoin. Jotkut voivat purra tai nyki\u00e4 niit\u00e4. Tarkista tuotteet s\u00e4\u00e4nn\u00f6llisesti ja poista, jos ne ovat vahingoittuneet, lemmikkisi turvallisuuden varmistamiseksi.<\/p>\n<p>Varmista aina, ett\u00e4 tuote on tukevasti kiinnitetty h\u00e4kkiin ennen k\u00e4ytt\u00f6\u00e4. Tarkista s\u00e4\u00e4nn\u00f6llisesti silmukat, kiinnikkeet ja ketjut, ja poista tuote, jos se on ep\u00e4vakaa tai vahingoittunut.<\/p>","protected":false},"excerpt":{"rendered":"<p>Kotoisa piilopaikka chinchillallesi. T\u00e4m\u00e4 pehme\u00e4 riippukuutio voidaan ripustaa h\u00e4kin kattoon tai asettaa hyllylle. Suunniteltu tarjoamaan maksimaalista mukavuutta ja helppoa puhtaanapitoa. Sis\u00e4lt\u00e4\u00e4 kaksi irrotettavaa alustaa, jotta lemmikill\u00e4si on aina puhdas peti.<\/p>","protected":false},"featured_media":3334,"template":"","meta":{"site-sidebar-layout":"default","site-content-layout":"","ast-site-content-layout":"default","site-content-style":"default","site-sidebar-style":"default","ast-global-header-display":"","ast-banner-title-visibility":"","ast-main-header-display":"","ast-hfb-above-header-display":"","ast-hfb-below-header-display":"","ast-hfb-mobile-header-display":"","site-post-title":"","ast-breadcrumbs-content":"","ast-featured-img":"","footer-sml-layout":"","ast-disable-related-posts":"","theme-transparent-header-meta":"default","adv-header-id-meta":"","stick-header-meta":"","header-above-stick-meta":"","header-main-stick-meta":"","header-below-stick-meta":"","astra-migrate-meta-layouts":"set","ast-page-background-enabled":"default","ast-page-background-meta":{"desktop":{"background-color":"var(--ast-global-color-4)","background-image":"","background-repeat":"repeat","background-position":"center center","background-size":"auto","background-attachment":"scroll","background-type":"","background-media":"","overlay-type":"","overlay-color":"","overlay-opacity":"","overlay-gradient":""},"tablet":{"background-color":"","background-image":"","background-repeat":"repeat","background-position":"center center","background-size":"auto","background-attachment":"scroll","background-type":"","background-media":"","overlay-type":"","overlay-color":"","overlay-opacity":"","overlay-gradient":""},"mobile":{"background-color":"","background-image":"","background-repeat":"repeat","background-position":"center center","background-size":"auto","background-attachment":"scroll","background-type":"","background-media":"","overlay-type":"","overlay-color":"","overlay-opacity":"","overlay-gradient":""}},"ast-content-background-meta":{"desktop":{"background-color":"var(--ast-global-color-5)","background-image":"","background-repeat":"repeat","background-position":"center center","background-size":"auto","background-attachment":"scroll","background-type":"","background-media":"","overlay-type":"","overlay-color":"","overlay-opacity":"","overlay-gradient":""},"tablet":{"background-color":"var(--ast-global-color-5)","background-image":"","background-repeat":"repeat","background-position":"center center","background-size":"auto","background-attachment":"scroll","background-type":"","background-media":"","overlay-type":"","overlay-color":"","overlay-opacity":"","overlay-gradient":""},"mobile":{"background-color":"var(--ast-global-color-5)","background-image":"","background-repeat":"repeat","background-position":"center center","background-size":"auto","background-attachment":"scroll","background-type":"","background-media":"","overlay-type":"","overlay-color":"","overlay-opacity":"","overlay-gradient":""}}},"product_brand":[],"product_cat":[32,44],"product_tag":[80,162,163,164,166,165],"class_list":{"0":"post-3333","1":"product","2":"type-product","3":"status-publish","4":"has-post-thumbnail","6":"product_cat-chinchillas","7":"product_cat-chinchillas-hideouts","8":"product_tag-chinchilla-accessories","9":"product_tag-chinchilla-cube","10":"product_tag-chinchilla-house","11":"product_tag-chinchilla-mokki","12":"product_tag-chinchilla-puuhapaikka","13":"product_tag-chinchilla-riippumatto","14":"desktop-align-left","15":"tablet-align-left","16":"mobile-align-left","18":"first","19":"instock","20":"shipping-taxable","21":"purchasable","22":"product-type-simple"},"jetpack_sharing_enabled":true,"_links":{"self":[{"href":"https:\/\/ohmylittlepet.com\/fi\/wp-json\/wp\/v2\/product\/3333","targetHints":{"allow":["GET"]}}],"collection":[{"href":"https:\/\/ohmylittlepet.com\/fi\/wp-json\/wp\/v2\/product"}],"about":[{"href":"https:\/\/ohmylittlepet.com\/fi\/wp-json\/wp\/v2\/types\/product"}],"wp:featuredmedia":[{"embeddable":true,"href":"https:\/\/ohmylittlepet.com\/fi\/wp-json\/wp\/v2\/media\/3334"}],"wp:attachment":[{"href":"https:\/\/ohmylittlepet.com\/fi\/wp-json\/wp\/v2\/media?parent=3333"}],"wp:term":[{"taxonomy":"product_brand","embeddable":true,"href":"https:\/\/ohmylittlepet.com\/fi\/wp-json\/wp\/v2\/product_brand?post=3333"},{"taxonomy":"product_cat","embeddable":true,"href":"https:\/\/ohmylittlepet.com\/fi\/wp-json\/wp\/v2\/product_cat?post=3333"},{"taxonomy":"product_tag","embeddable":true,"href":"https:\/\/ohmylittlepet.com\/fi\/wp-json\/wp\/v2\/product_tag?post=3333"}],"curies":[{"name":"wp","href":"https:\/\/api.w.org\/{rel}","templated":true}]}}