{"id":2540,"date":"2026-01-30T16:07:38","date_gmt":"2026-01-30T16:07:38","guid":{"rendered":"http:\/\/oh-my-little-pet.local\/?post_type=product&#038;p=2540"},"modified":"2026-01-30T16:16:00","modified_gmt":"2026-01-30T16:16:00","slug":"wooden-ledge","status":"publish","type":"product","link":"https:\/\/ohmylittlepet.com\/fi\/shop\/wooden-ledge\/","title":{"rendered":"Puinen taso"},"content":{"rendered":"<p data-start=\"141\" data-end=\"389\">T\u00e4m\u00e4 puinen taso lis\u00e4\u00e4 pystysuuntaista tilaa lemmikkisi h\u00e4kkiin ja tarjoaa viihtyis\u00e4n lepopaikan sek\u00e4 tarkkailupaikan.<\/p>\n<p data-start=\"388\" data-end=\"679\">Valmistettu luonnollisesta, k\u00e4sittelem\u00e4tt\u00f6m\u00e4st\u00e4 puusta, turvallinen puruvia lemmikkej\u00e4 varten ilman pinnoitteita tai kemikaaleja. Taso on suunniteltu kiinnitett\u00e4v\u00e4ksi h\u00e4kkiin ja kannustaa kiipeilyyn sek\u00e4 luonnolliseen liikkumiseen, rikastuttaen lemmikkisi ymp\u00e4rist\u00f6\u00e4 ja hy\u00f6dynt\u00e4en pystysuuntaisen tilan.<\/p>\n<p data-start=\"681\" data-end=\"777\">Sopii chinchilloille, deguilla, rotille ja muille pienille lemmikeille, jotka nauttivat korotetuista tasoista.<\/p>\n<p>Kiinnitysruuvit ja kiinnikkeet mukana.<\/p>\n<p><strong data-start=\"151\" data-end=\"166\">Mitat: <\/strong>30&#215;15 cm<\/p>\n<p><b>Mittavaihtelu:<\/b>\u00a00.5-1 cm<\/p>\n<p><b>Turvallisuusvinkki:<\/b><\/p>\n<p>Varmista aina ennen k\u00e4ytt\u00f6\u00e4, ett\u00e4 tuote on tukevasti kiinnitetty. Tarkista s\u00e4\u00e4nn\u00f6llisesti puu ja kiinnitysruuvit kulumien tai vaurioiden varalta. Poista tuote, jos se muuttuu ep\u00e4vakaaksi tai vaaralliseksi lemmikillesi.<\/p>","protected":false},"excerpt":{"rendered":"<p>Puinen taso, joka luo lis\u00e4\u00e4 kulkureittej\u00e4 ja monipuolistaa h\u00e4kin sis\u00e4tilaa<\/p>","protected":false},"featured_media":2542,"template":"","meta":{"site-sidebar-layout":"default","site-content-layout":"","ast-site-content-layout":"default","site-content-style":"default","site-sidebar-style":"default","ast-global-header-display":"","ast-banner-title-visibility":"","ast-main-header-display":"","ast-hfb-above-header-display":"","ast-hfb-below-header-display":"","ast-hfb-mobile-header-display":"","site-post-title":"","ast-breadcrumbs-content":"","ast-featured-img":"","footer-sml-layout":"","ast-disable-related-posts":"","theme-transparent-header-meta":"default","adv-header-id-meta":"","stick-header-meta":"","header-above-stick-meta":"","header-main-stick-meta":"","header-below-stick-meta":"","astra-migrate-meta-layouts":"set","ast-page-background-enabled":"default","ast-page-background-meta":{"desktop":{"background-color":"var(--ast-global-color-4)","background-image":"","background-repeat":"repeat","background-position":"center center","background-size":"auto","background-attachment":"scroll","background-type":"","background-media":"","overlay-type":"","overlay-color":"","overlay-opacity":"","overlay-gradient":""},"tablet":{"background-color":"","background-image":"","background-repeat":"repeat","background-position":"center center","background-size":"auto","background-attachment":"scroll","background-type":"","background-media":"","overlay-type":"","overlay-color":"","overlay-opacity":"","overlay-gradient":""},"mobile":{"background-color":"","background-image":"","background-repeat":"repeat","background-position":"center center","background-size":"auto","background-attachment":"scroll","background-type":"","background-media":"","overlay-type":"","overlay-color":"","overlay-opacity":"","overlay-gradient":""}},"ast-content-background-meta":{"desktop":{"background-color":"var(--ast-global-color-5)","background-image":"","background-repeat":"repeat","background-position":"center center","background-size":"auto","background-attachment":"scroll","background-type":"","background-media":"","overlay-type":"","overlay-color":"","overlay-opacity":"","overlay-gradient":""},"tablet":{"background-color":"var(--ast-global-color-5)","background-image":"","background-repeat":"repeat","background-position":"center center","background-size":"auto","background-attachment":"scroll","background-type":"","background-media":"","overlay-type":"","overlay-color":"","overlay-opacity":"","overlay-gradient":""},"mobile":{"background-color":"var(--ast-global-color-5)","background-image":"","background-repeat":"repeat","background-position":"center center","background-size":"auto","background-attachment":"scroll","background-type":"","background-media":"","overlay-type":"","overlay-color":"","overlay-opacity":"","overlay-gradient":""}}},"product_brand":[],"product_cat":[53],"product_tag":[80,119,120,122,121,104,118],"class_list":{"0":"post-2540","1":"product","2":"type-product","3":"status-publish","4":"has-post-thumbnail","6":"product_cat-woodenproducts","7":"product_tag-chinchilla-accessories","8":"product_tag-chinchilla-ledge","9":"product_tag-rat-ledge","10":"product_tag-rodent-accessories","11":"product_tag-rodent-ledge","12":"product_tag-small-animal-cage-shelf","13":"product_tag-small-pet-cage-ledge","14":"desktop-align-left","15":"tablet-align-left","16":"mobile-align-left","18":"first","19":"instock","20":"shipping-taxable","21":"purchasable","22":"product-type-simple"},"jetpack_sharing_enabled":true,"_links":{"self":[{"href":"https:\/\/ohmylittlepet.com\/fi\/wp-json\/wp\/v2\/product\/2540","targetHints":{"allow":["GET"]}}],"collection":[{"href":"https:\/\/ohmylittlepet.com\/fi\/wp-json\/wp\/v2\/product"}],"about":[{"href":"https:\/\/ohmylittlepet.com\/fi\/wp-json\/wp\/v2\/types\/product"}],"wp:featuredmedia":[{"embeddable":true,"href":"https:\/\/ohmylittlepet.com\/fi\/wp-json\/wp\/v2\/media\/2542"}],"wp:attachment":[{"href":"https:\/\/ohmylittlepet.com\/fi\/wp-json\/wp\/v2\/media?parent=2540"}],"wp:term":[{"taxonomy":"product_brand","embeddable":true,"href":"https:\/\/ohmylittlepet.com\/fi\/wp-json\/wp\/v2\/product_brand?post=2540"},{"taxonomy":"product_cat","embeddable":true,"href":"https:\/\/ohmylittlepet.com\/fi\/wp-json\/wp\/v2\/product_cat?post=2540"},{"taxonomy":"product_tag","embeddable":true,"href":"https:\/\/ohmylittlepet.com\/fi\/wp-json\/wp\/v2\/product_tag?post=2540"}],"curies":[{"name":"wp","href":"https:\/\/api.w.org\/{rel}","templated":true}]}}