{"id":2446,"date":"2026-01-27T12:16:34","date_gmt":"2026-01-27T12:16:34","guid":{"rendered":"http:\/\/oh-my-little-pet.local\/?post_type=product&#038;p=2446"},"modified":"2026-01-29T18:34:53","modified_gmt":"2026-01-29T18:34:53","slug":"balcony-shelf","status":"publish","type":"product","link":"https:\/\/ohmylittlepet.com\/fi\/shop\/balcony-shelf\/","title":{"rendered":"Puinen taso"},"content":{"rendered":"<p data-start=\"141\" data-end=\"389\">T\u00e4m\u00e4 puinen taso lis\u00e4\u00e4 pystysuuntaista tilaa lemmikkisi h\u00e4kkiin ja tarjoaa viihtyis\u00e4n lepopaikan sek\u00e4 tarkkailupaikan.<\/p>\n<p data-start=\"388\" data-end=\"679\">Valmistettu luonnollisesta, k\u00e4sittelem\u00e4tt\u00f6m\u00e4st\u00e4 puusta, turvallinen puruvia lemmikkej\u00e4 varten ilman pinnoitteita tai kemikaaleja. Taso on suunniteltu kiinnitett\u00e4v\u00e4ksi h\u00e4kkiin ja kannustaa kiipeilyyn sek\u00e4 luonnolliseen liikkumiseen, rikastuttaen lemmikkisi ymp\u00e4rist\u00f6\u00e4 ja hy\u00f6dynt\u00e4en pystysuuntaisen tilan.<\/p>\n<p data-start=\"681\" data-end=\"777\">Sopii chinchilloille, deguilla, rotille ja muille pienille lemmikeille, jotka nauttivat korotetuista tasoista.<\/p>\n<p>Kiinnitysruuvit ja kiinnikkeet mukana.<\/p>\n<p><strong data-start=\"151\" data-end=\"166\">Mitat:<\/strong><br data-start=\"166\" data-end=\"169\" \/>Pituus: 35 cm<br data-start=\"182\" data-end=\"185\" \/>Leveys: 12.5 cm<br data-start=\"199\" data-end=\"202\" \/>Leveys parvekkeen kohdalla: 20,5\u202fcm<\/p>\n<p><b>Mittavaihtelu:<\/b><span style=\"font-weight: 400;\"> 0.5-1 cm<\/span><\/p>\n<p><b>Turvallisuusvinkki:<\/b><\/p>\n<p><span style=\"font-weight: 400;\">Varmista aina ennen k\u00e4ytt\u00f6\u00e4, ett\u00e4 tuote on tukevasti kiinnitetty. Tarkista s\u00e4\u00e4nn\u00f6llisesti puu ja kiinnitysruuvit kulumien tai vaurioiden varalta. Poista tuote, jos se muuttuu ep\u00e4vakaaksi tai vaaralliseksi lemmikillesi.<\/span><\/p>","protected":false},"excerpt":{"rendered":"<p>Tukeva puinen taso, jossa pieni aidattu parveke. Lis\u00e4\u00e4 pystysuuntaista tilaa ja tarjoaa lemmikillesi turvallisen lepopaikan<\/p>","protected":false},"featured_media":2447,"template":"","meta":{"site-sidebar-layout":"default","site-content-layout":"","ast-site-content-layout":"default","site-content-style":"default","site-sidebar-style":"default","ast-global-header-display":"","ast-banner-title-visibility":"","ast-main-header-display":"","ast-hfb-above-header-display":"","ast-hfb-below-header-display":"","ast-hfb-mobile-header-display":"","site-post-title":"","ast-breadcrumbs-content":"","ast-featured-img":"","footer-sml-layout":"","ast-disable-related-posts":"","theme-transparent-header-meta":"default","adv-header-id-meta":"","stick-header-meta":"","header-above-stick-meta":"","header-main-stick-meta":"","header-below-stick-meta":"","astra-migrate-meta-layouts":"set","ast-page-background-enabled":"default","ast-page-background-meta":{"desktop":{"background-color":"var(--ast-global-color-4)","background-image":"","background-repeat":"repeat","background-position":"center center","background-size":"auto","background-attachment":"scroll","background-type":"","background-media":"","overlay-type":"","overlay-color":"","overlay-opacity":"","overlay-gradient":""},"tablet":{"background-color":"","background-image":"","background-repeat":"repeat","background-position":"center center","background-size":"auto","background-attachment":"scroll","background-type":"","background-media":"","overlay-type":"","overlay-color":"","overlay-opacity":"","overlay-gradient":""},"mobile":{"background-color":"","background-image":"","background-repeat":"repeat","background-position":"center center","background-size":"auto","background-attachment":"scroll","background-type":"","background-media":"","overlay-type":"","overlay-color":"","overlay-opacity":"","overlay-gradient":""}},"ast-content-background-meta":{"desktop":{"background-color":"var(--ast-global-color-5)","background-image":"","background-repeat":"repeat","background-position":"center center","background-size":"auto","background-attachment":"scroll","background-type":"","background-media":"","overlay-type":"","overlay-color":"","overlay-opacity":"","overlay-gradient":""},"tablet":{"background-color":"var(--ast-global-color-5)","background-image":"","background-repeat":"repeat","background-position":"center center","background-size":"auto","background-attachment":"scroll","background-type":"","background-media":"","overlay-type":"","overlay-color":"","overlay-opacity":"","overlay-gradient":""},"mobile":{"background-color":"var(--ast-global-color-5)","background-image":"","background-repeat":"repeat","background-position":"center center","background-size":"auto","background-attachment":"scroll","background-type":"","background-media":"","overlay-type":"","overlay-color":"","overlay-opacity":"","overlay-gradient":""}}},"product_brand":[],"product_cat":[53],"product_tag":[105,101,96,98,99,103,102,97,104,106,95,94,100],"class_list":{"0":"post-2446","1":"product","2":"type-product","3":"status-publish","4":"has-post-thumbnail","6":"product_cat-woodenproducts","7":"product_tag-cage-enrichment","8":"product_tag-cage-platform","9":"product_tag-chinchilla-shelf","10":"product_tag-degu-shelf","11":"product_tag-mouse-cage-accessory","12":"product_tag-natural-wood-pet-accessory","13":"product_tag-pet-cage-platform","14":"product_tag-rat-cage-shelf","15":"product_tag-small-animal-cage-shelf","16":"product_tag-small-pet-furniture","17":"product_tag-small-pet-shelf","18":"product_tag-wooden-cage-shelf","19":"product_tag-wooden-pet-furniture","20":"desktop-align-left","21":"tablet-align-left","22":"mobile-align-left","24":"first","25":"instock","26":"shipping-taxable","27":"purchasable","28":"product-type-simple"},"jetpack_sharing_enabled":true,"_links":{"self":[{"href":"https:\/\/ohmylittlepet.com\/fi\/wp-json\/wp\/v2\/product\/2446","targetHints":{"allow":["GET"]}}],"collection":[{"href":"https:\/\/ohmylittlepet.com\/fi\/wp-json\/wp\/v2\/product"}],"about":[{"href":"https:\/\/ohmylittlepet.com\/fi\/wp-json\/wp\/v2\/types\/product"}],"wp:featuredmedia":[{"embeddable":true,"href":"https:\/\/ohmylittlepet.com\/fi\/wp-json\/wp\/v2\/media\/2447"}],"wp:attachment":[{"href":"https:\/\/ohmylittlepet.com\/fi\/wp-json\/wp\/v2\/media?parent=2446"}],"wp:term":[{"taxonomy":"product_brand","embeddable":true,"href":"https:\/\/ohmylittlepet.com\/fi\/wp-json\/wp\/v2\/product_brand?post=2446"},{"taxonomy":"product_cat","embeddable":true,"href":"https:\/\/ohmylittlepet.com\/fi\/wp-json\/wp\/v2\/product_cat?post=2446"},{"taxonomy":"product_tag","embeddable":true,"href":"https:\/\/ohmylittlepet.com\/fi\/wp-json\/wp\/v2\/product_tag?post=2446"}],"curies":[{"name":"wp","href":"https:\/\/api.w.org\/{rel}","templated":true}]}}