{"id":2444,"date":"2026-01-26T13:44:14","date_gmt":"2026-01-26T13:44:14","guid":{"rendered":"http:\/\/oh-my-little-pet.local\/?post_type=product&#038;p=2444"},"modified":"2026-02-09T13:57:32","modified_gmt":"2026-02-09T13:57:32","slug":"hammock","status":"publish","type":"product","link":"https:\/\/ohmylittlepet.com\/fi\/shop\/hammock\/","title":{"rendered":"Riippumatto"},"content":{"rendered":"<p>T\u00e4m\u00e4 pehme\u00e4 riippumatto tarjoaa chinchilloille mukavan ja turvallisen, korotetun lepopaikan. H\u00e4kkiin ripustettuna se luo viihtyis\u00e4n paikan kiipeilyyn ja lepoon.<\/p>\n<p>Riippumatto tarjoaa l\u00e4mpim\u00e4n ja kutsuvan tilan rentoutumiseen ja torkkumiseen.<br \/>\nKiinnikkeet ja ketjut mukana.<\/p>\n<p><strong>Mitat:<\/strong> 28 \u00d7 28 cm<\/p>\n<p><strong>Mittavaihtelu:<\/strong> 0.5\u20131 cm<\/p>\n<p><strong>Turvallisuusvinkki:<\/strong> Lemmikit k\u00e4ytt\u00e4ytyv\u00e4t tekstiilituotteiden kanssa eri tavoin. Jotkut voivat purra tai nyki\u00e4 niit\u00e4. Tarkista tuotteet s\u00e4\u00e4nn\u00f6llisesti ja poista, jos ne ovat vahingoittuneet, lemmikkisi turvallisuuden varmistamiseksi.<\/p>\n<p>Varmista aina, ett\u00e4 tuote on tukevasti kiinnitetty h\u00e4kkiin ennen k\u00e4ytt\u00f6\u00e4. Tarkista s\u00e4\u00e4nn\u00f6llisesti silmukat, kiinnikkeet ja ketjut, ja poista tuote, jos se on ep\u00e4vakaa tai vahingoittunut.<\/p>","protected":false},"excerpt":{"rendered":"<p>Pehme\u00e4 ja viihtyis\u00e4 riippumatto chinchilloille. Luo mukavan riippuvan lepopaikan<\/p>","protected":false},"featured_media":2435,"template":"","meta":{"site-sidebar-layout":"default","site-content-layout":"","ast-site-content-layout":"default","site-content-style":"default","site-sidebar-style":"default","ast-global-header-display":"","ast-banner-title-visibility":"","ast-main-header-display":"","ast-hfb-above-header-display":"","ast-hfb-below-header-display":"","ast-hfb-mobile-header-display":"","site-post-title":"","ast-breadcrumbs-content":"","ast-featured-img":"","footer-sml-layout":"","ast-disable-related-posts":"","theme-transparent-header-meta":"default","adv-header-id-meta":"","stick-header-meta":"","header-above-stick-meta":"","header-main-stick-meta":"","header-below-stick-meta":"","astra-migrate-meta-layouts":"set","ast-page-background-enabled":"default","ast-page-background-meta":{"desktop":{"background-color":"var(--ast-global-color-4)","background-image":"","background-repeat":"repeat","background-position":"center center","background-size":"auto","background-attachment":"scroll","background-type":"","background-media":"","overlay-type":"","overlay-color":"","overlay-opacity":"","overlay-gradient":""},"tablet":{"background-color":"","background-image":"","background-repeat":"repeat","background-position":"center center","background-size":"auto","background-attachment":"scroll","background-type":"","background-media":"","overlay-type":"","overlay-color":"","overlay-opacity":"","overlay-gradient":""},"mobile":{"background-color":"","background-image":"","background-repeat":"repeat","background-position":"center center","background-size":"auto","background-attachment":"scroll","background-type":"","background-media":"","overlay-type":"","overlay-color":"","overlay-opacity":"","overlay-gradient":""}},"ast-content-background-meta":{"desktop":{"background-color":"var(--ast-global-color-5)","background-image":"","background-repeat":"repeat","background-position":"center center","background-size":"auto","background-attachment":"scroll","background-type":"","background-media":"","overlay-type":"","overlay-color":"","overlay-opacity":"","overlay-gradient":""},"tablet":{"background-color":"var(--ast-global-color-5)","background-image":"","background-repeat":"repeat","background-position":"center center","background-size":"auto","background-attachment":"scroll","background-type":"","background-media":"","overlay-type":"","overlay-color":"","overlay-opacity":"","overlay-gradient":""},"mobile":{"background-color":"var(--ast-global-color-5)","background-image":"","background-repeat":"repeat","background-position":"center center","background-size":"auto","background-attachment":"scroll","background-type":"","background-media":"","overlay-type":"","overlay-color":"","overlay-opacity":"","overlay-gradient":""}}},"product_brand":[],"product_cat":[32,42],"product_tag":[80,88,89,93,90,91,92],"class_list":{"0":"post-2444","1":"product","2":"type-product","3":"status-publish","4":"has-post-thumbnail","6":"product_cat-chinchillas","7":"product_cat-chinchillas-hammocks","8":"product_tag-chinchilla-accessories","9":"product_tag-chinchilla-hammock","10":"product_tag-fleece-chinchilla-hammock","11":"product_tag-hand-made-chinchilla","12":"product_tag-safe-sleeping-spot-for-chinchilla","13":"product_tag-small-pet-accessories","14":"product_tag-small-pet-hammock","15":"desktop-align-left","16":"tablet-align-left","17":"mobile-align-left","19":"first","20":"instock","21":"shipping-taxable","22":"purchasable","23":"product-type-simple"},"jetpack_sharing_enabled":true,"_links":{"self":[{"href":"https:\/\/ohmylittlepet.com\/fi\/wp-json\/wp\/v2\/product\/2444","targetHints":{"allow":["GET"]}}],"collection":[{"href":"https:\/\/ohmylittlepet.com\/fi\/wp-json\/wp\/v2\/product"}],"about":[{"href":"https:\/\/ohmylittlepet.com\/fi\/wp-json\/wp\/v2\/types\/product"}],"wp:featuredmedia":[{"embeddable":true,"href":"https:\/\/ohmylittlepet.com\/fi\/wp-json\/wp\/v2\/media\/2435"}],"wp:attachment":[{"href":"https:\/\/ohmylittlepet.com\/fi\/wp-json\/wp\/v2\/media?parent=2444"}],"wp:term":[{"taxonomy":"product_brand","embeddable":true,"href":"https:\/\/ohmylittlepet.com\/fi\/wp-json\/wp\/v2\/product_brand?post=2444"},{"taxonomy":"product_cat","embeddable":true,"href":"https:\/\/ohmylittlepet.com\/fi\/wp-json\/wp\/v2\/product_cat?post=2444"},{"taxonomy":"product_tag","embeddable":true,"href":"https:\/\/ohmylittlepet.com\/fi\/wp-json\/wp\/v2\/product_tag?post=2444"}],"curies":[{"name":"wp","href":"https:\/\/api.w.org\/{rel}","templated":true}]}}