{"id":2438,"date":"2026-01-26T13:10:16","date_gmt":"2026-01-26T13:10:16","guid":{"rendered":"http:\/\/oh-my-little-pet.local\/?post_type=product&#038;p=2438"},"modified":"2026-03-18T18:04:22","modified_gmt":"2026-03-18T18:04:22","slug":"guinea-pig-cuddle-cup-2","status":"publish","type":"product","link":"https:\/\/ohmylittlepet.com\/fi\/shop\/guinea-pig-cuddle-cup-2\/","title":{"rendered":"Petipes\u00e4"},"content":{"rendered":"<p data-path-to-node=\"5\">T\u00e4m\u00e4 pehme\u00e4 petipes\u00e4 tarjoaa kotoisan ja turvallisen lepopaikan, joka on suunniteltu erityisesti marsuille. Korkealaatuinen kangas luo l\u00e4mpim\u00e4n ja kutsuvan pes\u00e4n, jossa lemmikkisi voi k\u00e4perty\u00e4, kaivautua ja rentoutua t\u00e4ydellisess\u00e4 mukavuudessa. Se on t\u00e4ydellinen peti marsuille, jotka rakastavat tuntea olonsa kotoisaksi ja turvalliseksi.<\/p>\n<p data-path-to-node=\"6\">Jokaisen petipes\u00e4n mukana tulee kaksi irrotettavaa alustaa, jotka tekev\u00e4t puhtaanapidosta nopeaa ja vaivatonta. N\u00e4in voit pest\u00e4 yhden pehmusteen erikseen ja pit\u00e4\u00e4 muun pes\u00e4n puhtaana ja k\u00e4ytt\u00f6valmiina. Voit asettaa t\u00e4m\u00e4n kotoisan pedin h\u00e4kkiin tai k\u00e4ytt\u00e4\u00e4 sit\u00e4 kantokopassa tuomaan lis\u00e4l\u00e4mp\u00f6\u00e4 ja turvallisuuden tunnetta matkan aikana. T\u00e4m\u00e4 k\u00e4sity\u00f6n\u00e4 valmistettu tarvike on kest\u00e4v\u00e4 ja k\u00e4yt\u00e4nn\u00f6llinen lis\u00e4 jokaisen marsun piilopaikkoihin.<\/p>\n<p><b>Mitat:<\/b><span style=\"font-weight: 400;\"> halkaisija: 25cm<\/span><\/p>\n<p><b>Mittavaihtelu:<\/b><span style=\"font-weight: 400;\"> 0.5-1 cm<\/span><\/p>\n<p><b>Turvallisuusvinkki:<\/b><\/p>\n<p><span style=\"font-weight: 400;\">Lemmikit k\u00e4ytt\u00e4ytyv\u00e4t tekstiilituotteiden kanssa eri tavoin. Jotkut voivat purra tai nyki\u00e4 niit\u00e4. Tarkista tuotteet s\u00e4\u00e4nn\u00f6llisesti ja poista, jos ne ovat vahingoittuneet, lemmikkisi turvallisuuden varmistamiseksi.<\/span><\/p>","protected":false},"excerpt":{"rendered":"<p>T\u00e4m\u00e4 marsun petipes\u00e4 on kotoisa ja turvallinen lepopaikka, joka on suunniteltu erityisesti kaivautumista varten. Se on valmistettu korkealaatuisesta fleecest\u00e4 ja paketti sis\u00e4lt\u00e4\u00e4 kaksi irrotettavaa alustaa nopeaa ja vaivatonta puhdistusta varten.<\/p>","protected":false},"featured_media":3342,"template":"","meta":{"site-sidebar-layout":"default","site-content-layout":"","ast-site-content-layout":"default","site-content-style":"default","site-sidebar-style":"default","ast-global-header-display":"","ast-banner-title-visibility":"","ast-main-header-display":"","ast-hfb-above-header-display":"","ast-hfb-below-header-display":"","ast-hfb-mobile-header-display":"","site-post-title":"","ast-breadcrumbs-content":"","ast-featured-img":"","footer-sml-layout":"","ast-disable-related-posts":"","theme-transparent-header-meta":"default","adv-header-id-meta":"","stick-header-meta":"","header-above-stick-meta":"","header-main-stick-meta":"","header-below-stick-meta":"","astra-migrate-meta-layouts":"set","ast-page-background-enabled":"default","ast-page-background-meta":{"desktop":{"background-color":"var(--ast-global-color-4)","background-image":"","background-repeat":"repeat","background-position":"center center","background-size":"auto","background-attachment":"scroll","background-type":"","background-media":"","overlay-type":"","overlay-color":"","overlay-opacity":"","overlay-gradient":""},"tablet":{"background-color":"","background-image":"","background-repeat":"repeat","background-position":"center center","background-size":"auto","background-attachment":"scroll","background-type":"","background-media":"","overlay-type":"","overlay-color":"","overlay-opacity":"","overlay-gradient":""},"mobile":{"background-color":"","background-image":"","background-repeat":"repeat","background-position":"center center","background-size":"auto","background-attachment":"scroll","background-type":"","background-media":"","overlay-type":"","overlay-color":"","overlay-opacity":"","overlay-gradient":""}},"ast-content-background-meta":{"desktop":{"background-color":"var(--ast-global-color-5)","background-image":"","background-repeat":"repeat","background-position":"center center","background-size":"auto","background-attachment":"scroll","background-type":"","background-media":"","overlay-type":"","overlay-color":"","overlay-opacity":"","overlay-gradient":""},"tablet":{"background-color":"var(--ast-global-color-5)","background-image":"","background-repeat":"repeat","background-position":"center center","background-size":"auto","background-attachment":"scroll","background-type":"","background-media":"","overlay-type":"","overlay-color":"","overlay-opacity":"","overlay-gradient":""},"mobile":{"background-color":"var(--ast-global-color-5)","background-image":"","background-repeat":"repeat","background-position":"center center","background-size":"auto","background-attachment":"scroll","background-type":"","background-media":"","overlay-type":"","overlay-color":"","overlay-opacity":"","overlay-gradient":""}}},"product_brand":[],"product_cat":[39,33],"product_tag":[83,84,71,85],"class_list":{"0":"post-2438","1":"product","2":"type-product","3":"status-publish","4":"has-post-thumbnail","6":"product_cat-guineapigs-cuddlecups","7":"product_cat-guineapigs","8":"product_tag-cuddle-cup","9":"product_tag-cuddle-cup-guinea-pig","10":"product_tag-guinea-pig-accessories","11":"product_tag-guinea-pig-bed","12":"desktop-align-left","13":"tablet-align-left","14":"mobile-align-left","16":"first","17":"instock","18":"shipping-taxable","19":"purchasable","20":"product-type-simple"},"jetpack_sharing_enabled":true,"_links":{"self":[{"href":"https:\/\/ohmylittlepet.com\/fi\/wp-json\/wp\/v2\/product\/2438","targetHints":{"allow":["GET"]}}],"collection":[{"href":"https:\/\/ohmylittlepet.com\/fi\/wp-json\/wp\/v2\/product"}],"about":[{"href":"https:\/\/ohmylittlepet.com\/fi\/wp-json\/wp\/v2\/types\/product"}],"wp:featuredmedia":[{"embeddable":true,"href":"https:\/\/ohmylittlepet.com\/fi\/wp-json\/wp\/v2\/media\/3342"}],"wp:attachment":[{"href":"https:\/\/ohmylittlepet.com\/fi\/wp-json\/wp\/v2\/media?parent=2438"}],"wp:term":[{"taxonomy":"product_brand","embeddable":true,"href":"https:\/\/ohmylittlepet.com\/fi\/wp-json\/wp\/v2\/product_brand?post=2438"},{"taxonomy":"product_cat","embeddable":true,"href":"https:\/\/ohmylittlepet.com\/fi\/wp-json\/wp\/v2\/product_cat?post=2438"},{"taxonomy":"product_tag","embeddable":true,"href":"https:\/\/ohmylittlepet.com\/fi\/wp-json\/wp\/v2\/product_tag?post=2438"}],"curies":[{"name":"wp","href":"https:\/\/api.w.org\/{rel}","templated":true}]}}