{"id":2415,"date":"2026-01-23T16:15:01","date_gmt":"2026-01-23T16:15:01","guid":{"rendered":"http:\/\/oh-my-little-pet.local\/?post_type=product&#038;p=2415"},"modified":"2026-04-01T14:26:55","modified_gmt":"2026-04-01T14:26:55","slug":"cuddle-cup","status":"publish","type":"product","link":"https:\/\/ohmylittlepet.com\/fi\/shop\/cuddle-cup\/","title":{"rendered":"Petipes\u00e4"},"content":{"rendered":"<p>Pehme\u00e4 pes\u00e4kupu chinchilloille, joka tarjoaa viihtyis\u00e4n ja turvallisen lepohetken. Pehme\u00e4 kangas luo l\u00e4mpim\u00e4n ja kutsuvan paikan, jossa lemmikkisi voi k\u00e4perty\u00e4, kaivaa ja rentoutua mukavasti.<\/p>\n<p>Sen voi sijoittaa h\u00e4kin hyllylle tai kuljetuskoppaan, tarjoten l\u00e4mp\u00f6\u00e4 ja turvallisuuden tunnetta miss\u00e4 tahansa lemmikkisi on. Irrotettava pohjalevy tekee puhdistamisesta helppoa, voit pest\u00e4 sen erikseen s\u00e4ilytt\u00e4en p\u00e4\u00e4kupin ehj\u00e4n\u00e4.<\/p>\n<p><strong>Mitat:<\/strong> halkaisija: 22cm<\/p>\n<p><strong>Mittavaihtelu:<\/strong> 0.5\u20131 cm<\/p>\n<p><strong>Turvallisuusvinkki:<\/strong> Lemmikit k\u00e4ytt\u00e4ytyv\u00e4t tekstiilituotteiden kanssa eri tavoin. Jotkut voivat purra tai nyki\u00e4 niit\u00e4. Tarkista tuotteet s\u00e4\u00e4nn\u00f6llisesti ja poista, jos ne ovat vahingoittuneet, lemmikkisi turvallisuuden varmistamiseksi.<\/p>","protected":false},"excerpt":{"rendered":"<p>Pehme\u00e4 ja viihtyis\u00e4 pes\u00e4kupu chinchilloille. Tarjoaa l\u00e4mpim\u00e4n ja turvallisen lepohetken.<\/p>","protected":false},"featured_media":2416,"template":"","meta":{"site-sidebar-layout":"default","site-content-layout":"","ast-site-content-layout":"default","site-content-style":"default","site-sidebar-style":"default","ast-global-header-display":"","ast-banner-title-visibility":"","ast-main-header-display":"","ast-hfb-above-header-display":"","ast-hfb-below-header-display":"","ast-hfb-mobile-header-display":"","site-post-title":"","ast-breadcrumbs-content":"","ast-featured-img":"","footer-sml-layout":"","ast-disable-related-posts":"","theme-transparent-header-meta":"default","adv-header-id-meta":"","stick-header-meta":"","header-above-stick-meta":"","header-main-stick-meta":"","header-below-stick-meta":"","astra-migrate-meta-layouts":"set","ast-page-background-enabled":"default","ast-page-background-meta":{"desktop":{"background-color":"var(--ast-global-color-4)","background-image":"","background-repeat":"repeat","background-position":"center center","background-size":"auto","background-attachment":"scroll","background-type":"","background-media":"","overlay-type":"","overlay-color":"","overlay-opacity":"","overlay-gradient":""},"tablet":{"background-color":"","background-image":"","background-repeat":"repeat","background-position":"center center","background-size":"auto","background-attachment":"scroll","background-type":"","background-media":"","overlay-type":"","overlay-color":"","overlay-opacity":"","overlay-gradient":""},"mobile":{"background-color":"","background-image":"","background-repeat":"repeat","background-position":"center center","background-size":"auto","background-attachment":"scroll","background-type":"","background-media":"","overlay-type":"","overlay-color":"","overlay-opacity":"","overlay-gradient":""}},"ast-content-background-meta":{"desktop":{"background-color":"var(--ast-global-color-5)","background-image":"","background-repeat":"repeat","background-position":"center center","background-size":"auto","background-attachment":"scroll","background-type":"","background-media":"","overlay-type":"","overlay-color":"","overlay-opacity":"","overlay-gradient":""},"tablet":{"background-color":"var(--ast-global-color-5)","background-image":"","background-repeat":"repeat","background-position":"center center","background-size":"auto","background-attachment":"scroll","background-type":"","background-media":"","overlay-type":"","overlay-color":"","overlay-opacity":"","overlay-gradient":""},"mobile":{"background-color":"var(--ast-global-color-5)","background-image":"","background-repeat":"repeat","background-position":"center center","background-size":"auto","background-attachment":"scroll","background-type":"","background-media":"","overlay-type":"","overlay-color":"","overlay-opacity":"","overlay-gradient":""}}},"product_brand":[],"product_cat":[32,41],"product_tag":[80,82,76],"class_list":{"0":"post-2415","1":"product","2":"type-product","3":"status-publish","4":"has-post-thumbnail","6":"product_cat-chinchillas","7":"product_cat-chinchillas-cuddlecups","8":"product_tag-chinchilla-accessories","9":"product_tag-chinchilla-cuddle-cup","10":"product_tag-chinchilla-hideout","11":"desktop-align-left","12":"tablet-align-left","13":"mobile-align-left","15":"first","16":"instock","17":"shipping-taxable","18":"purchasable","19":"product-type-simple"},"jetpack_sharing_enabled":true,"_links":{"self":[{"href":"https:\/\/ohmylittlepet.com\/fi\/wp-json\/wp\/v2\/product\/2415","targetHints":{"allow":["GET"]}}],"collection":[{"href":"https:\/\/ohmylittlepet.com\/fi\/wp-json\/wp\/v2\/product"}],"about":[{"href":"https:\/\/ohmylittlepet.com\/fi\/wp-json\/wp\/v2\/types\/product"}],"wp:featuredmedia":[{"embeddable":true,"href":"https:\/\/ohmylittlepet.com\/fi\/wp-json\/wp\/v2\/media\/2416"}],"wp:attachment":[{"href":"https:\/\/ohmylittlepet.com\/fi\/wp-json\/wp\/v2\/media?parent=2415"}],"wp:term":[{"taxonomy":"product_brand","embeddable":true,"href":"https:\/\/ohmylittlepet.com\/fi\/wp-json\/wp\/v2\/product_brand?post=2415"},{"taxonomy":"product_cat","embeddable":true,"href":"https:\/\/ohmylittlepet.com\/fi\/wp-json\/wp\/v2\/product_cat?post=2415"},{"taxonomy":"product_tag","embeddable":true,"href":"https:\/\/ohmylittlepet.com\/fi\/wp-json\/wp\/v2\/product_tag?post=2415"}],"curies":[{"name":"wp","href":"https:\/\/api.w.org\/{rel}","templated":true}]}}