{"id":2399,"date":"2026-01-23T14:55:16","date_gmt":"2026-01-23T14:55:16","guid":{"rendered":"http:\/\/oh-my-little-pet.local\/?post_type=product&#038;p=2399"},"modified":"2026-03-18T16:45:38","modified_gmt":"2026-03-18T16:45:38","slug":"wooden-tunnel","status":"publish","type":"product","link":"https:\/\/ohmylittlepet.com\/fi\/shop\/wooden-tunnel\/","title":{"rendered":"Puinen tunneli"},"content":{"rendered":"<p data-start=\"265\" data-end=\"515\">T\u00e4m\u00e4 tunneli tarjoaa viihtyis\u00e4n piilopaikan ja leikkialueen pienille lemmikeille, jossa lemmikki voi tutkia, kiipeill\u00e4 ja tuntea olonsa turvalliseksi h\u00e4kin sis\u00e4ll\u00e4. Sit\u00e4 voidaan k\u00e4ytt\u00e4\u00e4 h\u00e4kin lattialla tai kiinnitt\u00e4\u00e4 h\u00e4kin kattoon.<\/p>\n<p data-start=\"517\" data-end=\"729\">Tunneli on valmistettu luonnollisesta, k\u00e4sittelem\u00e4tt\u00f6m\u00e4st\u00e4 puusta, ja se on t\u00e4ysin turvallinen puruvia lemmikkej\u00e4 varten. Ilman pinnoitteita tai kemiallisia k\u00e4sittelyj\u00e4 lemmikkisi voivat jyrsit\u00e4 luonnollisesti ilman haitallisia aineita.<\/p>\n<p data-start=\"731\" data-end=\"920\">Sopii chinchilloille, deguilla, rotille ja marsuille. Monipuolinen tunneli tukee luonnollisia k\u00e4ytt\u00e4ytymismalleja, kannustaa liikkumiseen ja tuo sek\u00e4 mukavuutta ett\u00e4 virikkeit\u00e4 h\u00e4kkiin.<\/p>\n<p data-start=\"731\" data-end=\"920\">Kiinnitysruuvit ja kiinnikkeet mukana.<\/p>\n<p>&nbsp;<\/p>\n<p data-start=\"731\" data-end=\"920\"><strong>Mitat: <\/strong>15x25cm<\/p>\n<p data-start=\"731\" data-end=\"920\"><b>Mittavaihtelu:<\/b> 0.5-1 cm<\/p>\n<p>&nbsp;<\/p>\n<p data-start=\"731\" data-end=\"920\"><strong>Turvallisuusvinkki:<\/strong><\/p>\n<p data-start=\"731\" data-end=\"920\">Varmista aina ennen k\u00e4ytt\u00f6\u00e4, ett\u00e4 tuote on tukevasti kiinnitetty. Tarkista s\u00e4\u00e4nn\u00f6llisesti puu ja kiinnitysruuvit kulumien tai vaurioiden varalta. Poista tuote, jos se muuttuu ep\u00e4vakaaksi tai vaaralliseksi lemmikillesi.<\/p>","protected":false},"excerpt":{"rendered":"<p>Puinen tunneli pienille lemmikeille. Valmistettu k\u00e4sittelem\u00e4tt\u00f6m\u00e4st\u00e4 puusta ja turvallinen jyrsitt\u00e4v\u00e4ksi. Voidaan kiinnitt\u00e4\u00e4 h\u00e4kin kattoon tai sijoittaa h\u00e4kin lattialle.<\/p>","protected":false},"featured_media":2400,"template":"","meta":{"site-sidebar-layout":"default","site-content-layout":"","ast-site-content-layout":"default","site-content-style":"default","site-sidebar-style":"default","ast-global-header-display":"","ast-banner-title-visibility":"","ast-main-header-display":"","ast-hfb-above-header-display":"","ast-hfb-below-header-display":"","ast-hfb-mobile-header-display":"","site-post-title":"","ast-breadcrumbs-content":"","ast-featured-img":"","footer-sml-layout":"","ast-disable-related-posts":"","theme-transparent-header-meta":"default","adv-header-id-meta":"","stick-header-meta":"","header-above-stick-meta":"","header-main-stick-meta":"","header-below-stick-meta":"","astra-migrate-meta-layouts":"set","ast-page-background-enabled":"default","ast-page-background-meta":{"desktop":{"background-color":"var(--ast-global-color-4)","background-image":"","background-repeat":"repeat","background-position":"center center","background-size":"auto","background-attachment":"scroll","background-type":"","background-media":"","overlay-type":"","overlay-color":"","overlay-opacity":"","overlay-gradient":""},"tablet":{"background-color":"","background-image":"","background-repeat":"repeat","background-position":"center center","background-size":"auto","background-attachment":"scroll","background-type":"","background-media":"","overlay-type":"","overlay-color":"","overlay-opacity":"","overlay-gradient":""},"mobile":{"background-color":"","background-image":"","background-repeat":"repeat","background-position":"center center","background-size":"auto","background-attachment":"scroll","background-type":"","background-media":"","overlay-type":"","overlay-color":"","overlay-opacity":"","overlay-gradient":""}},"ast-content-background-meta":{"desktop":{"background-color":"var(--ast-global-color-5)","background-image":"","background-repeat":"repeat","background-position":"center center","background-size":"auto","background-attachment":"scroll","background-type":"","background-media":"","overlay-type":"","overlay-color":"","overlay-opacity":"","overlay-gradient":""},"tablet":{"background-color":"var(--ast-global-color-5)","background-image":"","background-repeat":"repeat","background-position":"center center","background-size":"auto","background-attachment":"scroll","background-type":"","background-media":"","overlay-type":"","overlay-color":"","overlay-opacity":"","overlay-gradient":""},"mobile":{"background-color":"var(--ast-global-color-5)","background-image":"","background-repeat":"repeat","background-position":"center center","background-size":"auto","background-attachment":"scroll","background-type":"","background-media":"","overlay-type":"","overlay-color":"","overlay-opacity":"","overlay-gradient":""}}},"product_brand":[],"product_cat":[53],"product_tag":[80,76,74,75,79,77,78,81,73],"class_list":{"0":"post-2399","1":"product","2":"type-product","3":"status-publish","4":"has-post-thumbnail","6":"product_cat-woodenproducts","7":"product_tag-chinchilla-accessories","8":"product_tag-chinchilla-hideout","9":"product_tag-chinchilla-tunnel","10":"product_tag-guinea-pig-wood-house","11":"product_tag-rat-accessories","12":"product_tag-rat-house","13":"product_tag-rat-tunnel","14":"product_tag-wooden-hideout","15":"product_tag-wooden-tunnel","16":"desktop-align-left","17":"tablet-align-left","18":"mobile-align-left","20":"first","21":"instock","22":"shipping-taxable","23":"purchasable","24":"product-type-simple"},"jetpack_sharing_enabled":true,"_links":{"self":[{"href":"https:\/\/ohmylittlepet.com\/fi\/wp-json\/wp\/v2\/product\/2399","targetHints":{"allow":["GET"]}}],"collection":[{"href":"https:\/\/ohmylittlepet.com\/fi\/wp-json\/wp\/v2\/product"}],"about":[{"href":"https:\/\/ohmylittlepet.com\/fi\/wp-json\/wp\/v2\/types\/product"}],"wp:featuredmedia":[{"embeddable":true,"href":"https:\/\/ohmylittlepet.com\/fi\/wp-json\/wp\/v2\/media\/2400"}],"wp:attachment":[{"href":"https:\/\/ohmylittlepet.com\/fi\/wp-json\/wp\/v2\/media?parent=2399"}],"wp:term":[{"taxonomy":"product_brand","embeddable":true,"href":"https:\/\/ohmylittlepet.com\/fi\/wp-json\/wp\/v2\/product_brand?post=2399"},{"taxonomy":"product_cat","embeddable":true,"href":"https:\/\/ohmylittlepet.com\/fi\/wp-json\/wp\/v2\/product_cat?post=2399"},{"taxonomy":"product_tag","embeddable":true,"href":"https:\/\/ohmylittlepet.com\/fi\/wp-json\/wp\/v2\/product_tag?post=2399"}],"curies":[{"name":"wp","href":"https:\/\/api.w.org\/{rel}","templated":true}]}}