{"id":2390,"date":"2026-01-23T14:08:33","date_gmt":"2026-01-23T14:08:33","guid":{"rendered":"http:\/\/oh-my-little-pet.local\/?post_type=product&#038;p=2390"},"modified":"2026-01-23T14:08:33","modified_gmt":"2026-01-23T14:08:33","slug":"tunnel","status":"publish","type":"product","link":"https:\/\/ohmylittlepet.com\/fi\/shop\/tunnel\/","title":{"rendered":"Tunneli"},"content":{"rendered":"<p data-start=\"155\" data-end=\"387\">T\u00e4m\u00e4 pehme\u00e4 tunneli on suunniteltu erityisesti marsuille, jotka nauttivat piiloutumisesta, tutkimisesta ja rentoutumisesta suojaisessa tilassa. Mukava kangas kannustaa luonnollisiin k\u00e4ytt\u00e4ytymismalleihin, kuten juoksemiseen tunnelin l\u00e4pi ja lepoon sis\u00e4ll\u00e4.<\/p>\n<p data-start=\"389\" data-end=\"666\">Joustavat tukinauhat on integroitu sivuille, jotta tunneli s\u00e4ilytt\u00e4\u00e4 muotonsa mutta pysyy silti kevyen\u00e4 ja mukavana. Helppo sijoittaa h\u00e4kkeihin, leikkiaitoihin tai vapaasti liikkuville alueille. T\u00e4m\u00e4 tunneli tarjoaa marsullesi sek\u00e4 virikkeit\u00e4 ett\u00e4 turvallisuuden tunnetta.<\/p>\n<p class=\"p1\"><b>Mitat:<\/b> pituus: 30 cm, halkaisija: 18cm<\/p>\n<p class=\"p1\"><b>Mittavaihtelu:<\/b>\u00a00.5-1 cm<\/p>\n<p class=\"p1\"><b>Turvallisuusvinkki:<\/b><b><\/b><\/p>\n<p class=\"p1\">Lemmikit k\u00e4ytt\u00e4ytyv\u00e4t tekstiilituotteiden kanssa eri tavoin. Jotkut voivat purra tai nyki\u00e4 niit\u00e4. Tarkista tuotteet s\u00e4\u00e4nn\u00f6llisesti ja poista, jos ne ovat vahingoittuneet, lemmikkisi turvallisuuden varmistamiseksi.<\/p>","protected":false},"excerpt":{"rendered":"<p>Pehme\u00e4 ja viihtyis\u00e4 tunneli marsuille. Tarjoaa mukavan piilopaikan ja leikkialueen<\/p>","protected":false},"featured_media":2392,"template":"","meta":{"site-sidebar-layout":"default","site-content-layout":"","ast-site-content-layout":"default","site-content-style":"default","site-sidebar-style":"default","ast-global-header-display":"","ast-banner-title-visibility":"","ast-main-header-display":"","ast-hfb-above-header-display":"","ast-hfb-below-header-display":"","ast-hfb-mobile-header-display":"","site-post-title":"","ast-breadcrumbs-content":"","ast-featured-img":"","footer-sml-layout":"","ast-disable-related-posts":"","theme-transparent-header-meta":"default","adv-header-id-meta":"","stick-header-meta":"","header-above-stick-meta":"","header-main-stick-meta":"","header-below-stick-meta":"","astra-migrate-meta-layouts":"set","ast-page-background-enabled":"default","ast-page-background-meta":{"desktop":{"background-color":"var(--ast-global-color-4)","background-image":"","background-repeat":"repeat","background-position":"center center","background-size":"auto","background-attachment":"scroll","background-type":"","background-media":"","overlay-type":"","overlay-color":"","overlay-opacity":"","overlay-gradient":""},"tablet":{"background-color":"","background-image":"","background-repeat":"repeat","background-position":"center center","background-size":"auto","background-attachment":"scroll","background-type":"","background-media":"","overlay-type":"","overlay-color":"","overlay-opacity":"","overlay-gradient":""},"mobile":{"background-color":"","background-image":"","background-repeat":"repeat","background-position":"center center","background-size":"auto","background-attachment":"scroll","background-type":"","background-media":"","overlay-type":"","overlay-color":"","overlay-opacity":"","overlay-gradient":""}},"ast-content-background-meta":{"desktop":{"background-color":"var(--ast-global-color-5)","background-image":"","background-repeat":"repeat","background-position":"center center","background-size":"auto","background-attachment":"scroll","background-type":"","background-media":"","overlay-type":"","overlay-color":"","overlay-opacity":"","overlay-gradient":""},"tablet":{"background-color":"var(--ast-global-color-5)","background-image":"","background-repeat":"repeat","background-position":"center center","background-size":"auto","background-attachment":"scroll","background-type":"","background-media":"","overlay-type":"","overlay-color":"","overlay-opacity":"","overlay-gradient":""},"mobile":{"background-color":"var(--ast-global-color-5)","background-image":"","background-repeat":"repeat","background-position":"center center","background-size":"auto","background-attachment":"scroll","background-type":"","background-media":"","overlay-type":"","overlay-color":"","overlay-opacity":"","overlay-gradient":""}}},"product_brand":[],"product_cat":[33,37],"product_tag":[71,72],"class_list":{"0":"post-2390","1":"product","2":"type-product","3":"status-publish","4":"has-post-thumbnail","6":"product_cat-guineapigs","7":"product_cat-guineapigs-tunnels","8":"product_tag-guinea-pig-accessories","9":"product_tag-guinea-pig-tunnel","10":"desktop-align-left","11":"tablet-align-left","12":"mobile-align-left","14":"first","15":"instock","16":"shipping-taxable","17":"purchasable","18":"product-type-simple"},"jetpack_sharing_enabled":true,"_links":{"self":[{"href":"https:\/\/ohmylittlepet.com\/fi\/wp-json\/wp\/v2\/product\/2390","targetHints":{"allow":["GET"]}}],"collection":[{"href":"https:\/\/ohmylittlepet.com\/fi\/wp-json\/wp\/v2\/product"}],"about":[{"href":"https:\/\/ohmylittlepet.com\/fi\/wp-json\/wp\/v2\/types\/product"}],"wp:featuredmedia":[{"embeddable":true,"href":"https:\/\/ohmylittlepet.com\/fi\/wp-json\/wp\/v2\/media\/2392"}],"wp:attachment":[{"href":"https:\/\/ohmylittlepet.com\/fi\/wp-json\/wp\/v2\/media?parent=2390"}],"wp:term":[{"taxonomy":"product_brand","embeddable":true,"href":"https:\/\/ohmylittlepet.com\/fi\/wp-json\/wp\/v2\/product_brand?post=2390"},{"taxonomy":"product_cat","embeddable":true,"href":"https:\/\/ohmylittlepet.com\/fi\/wp-json\/wp\/v2\/product_cat?post=2390"},{"taxonomy":"product_tag","embeddable":true,"href":"https:\/\/ohmylittlepet.com\/fi\/wp-json\/wp\/v2\/product_tag?post=2390"}],"curies":[{"name":"wp","href":"https:\/\/api.w.org\/{rel}","templated":true}]}}