{"id":2376,"date":"2026-01-23T12:36:06","date_gmt":"2026-01-23T12:36:06","guid":{"rendered":"http:\/\/oh-my-little-pet.local\/?post_type=product&#038;p=2376"},"modified":"2026-03-17T17:34:02","modified_gmt":"2026-03-17T17:34:02","slug":"snuggle-sack-2","status":"publish","type":"product","link":"https:\/\/ohmylittlepet.com\/fi\/shop\/snuggle-sack-2\/","title":{"rendered":"Makuupussi"},"content":{"rendered":"<p>T\u00e4m\u00e4 viihtyis\u00e4 makuupussi on suunniteltu erityisesti marsuille, jotka rakastavat kaivautua, piiloutua ja rentoutua l\u00e4mpim\u00e4ss\u00e4, suojaisassa tilassa. Pehme\u00e4 kangas muodostaa mukavan pes\u00e4m\u00e4isen nukkumapaikan, jossa lemmikkisi voi lev\u00e4t\u00e4 ja torkkua turvallisesti.<\/p>\n<p data-start=\"351\" data-end=\"548\">Makuupussiin on ommeltu tukinauha, joka pit\u00e4\u00e4 suuaukon avoimena. Sen ansiosta marsu p\u00e4\u00e4see kulkemaan sis\u00e4\u00e4n ja ulos helposti itse, ja makuupussi s\u00e4ilytt\u00e4\u00e4 muotonsa k\u00e4yt\u00f6ss\u00e4.<\/p>\n<p data-start=\"550\" data-end=\"725\">Sopii h\u00e4kkeihin, leikkiaitoihin tai vapaasti liikkuville alueille. Makuupussi tarjoaa tiiviin ja rauhoittavan lepopaikan, josta marsusi pit\u00e4\u00e4.<\/p>\n<p class=\"p1\"><b>Mitat:<\/b> 30\u00d734 cm<\/p>\n<p class=\"p1\"><b>Mittavaihtelu:<\/b>\u00a00.5-1 cm<\/p>\n<p class=\"p1\"><b>Turvallisuusvinkki:<\/b><b><\/b><\/p>\n<p class=\"p1\">Lemmikit k\u00e4ytt\u00e4ytyv\u00e4t tekstiilituotteiden kanssa eri tavoin. Jotkut voivat purra tai nyki\u00e4 niit\u00e4. Tarkista tuotteet s\u00e4\u00e4nn\u00f6llisesti ja poista, jos ne ovat vahingoittuneet, lemmikkisi turvallisuuden varmistamiseksi.<\/p>","protected":false},"excerpt":{"rendered":"<p>T\u00e4m\u00e4 viihtyis\u00e4 makuupussi on suunniteltu erityisesti marsuille, jotka rakastavat kaivautua, piiloutua ja rentoutua l\u00e4mpim\u00e4ss\u00e4, suojaisassa tilassa. Pehme\u00e4 kangas muodostaa mukavan pes\u00e4m\u00e4isen nukkumapaikan, jossa lemmikkisi voi lev\u00e4t\u00e4 ja torkkua turvallisesti.<\/p>","protected":false},"featured_media":2377,"template":"","meta":{"site-sidebar-layout":"default","site-content-layout":"","ast-site-content-layout":"default","site-content-style":"default","site-sidebar-style":"default","ast-global-header-display":"","ast-banner-title-visibility":"","ast-main-header-display":"","ast-hfb-above-header-display":"","ast-hfb-below-header-display":"","ast-hfb-mobile-header-display":"","site-post-title":"","ast-breadcrumbs-content":"","ast-featured-img":"","footer-sml-layout":"","ast-disable-related-posts":"","theme-transparent-header-meta":"default","adv-header-id-meta":"","stick-header-meta":"","header-above-stick-meta":"","header-main-stick-meta":"","header-below-stick-meta":"","astra-migrate-meta-layouts":"set","ast-page-background-enabled":"default","ast-page-background-meta":{"desktop":{"background-color":"var(--ast-global-color-4)","background-image":"","background-repeat":"repeat","background-position":"center center","background-size":"auto","background-attachment":"scroll","background-type":"","background-media":"","overlay-type":"","overlay-color":"","overlay-opacity":"","overlay-gradient":""},"tablet":{"background-color":"","background-image":"","background-repeat":"repeat","background-position":"center center","background-size":"auto","background-attachment":"scroll","background-type":"","background-media":"","overlay-type":"","overlay-color":"","overlay-opacity":"","overlay-gradient":""},"mobile":{"background-color":"","background-image":"","background-repeat":"repeat","background-position":"center center","background-size":"auto","background-attachment":"scroll","background-type":"","background-media":"","overlay-type":"","overlay-color":"","overlay-opacity":"","overlay-gradient":""}},"ast-content-background-meta":{"desktop":{"background-color":"var(--ast-global-color-5)","background-image":"","background-repeat":"repeat","background-position":"center center","background-size":"auto","background-attachment":"scroll","background-type":"","background-media":"","overlay-type":"","overlay-color":"","overlay-opacity":"","overlay-gradient":""},"tablet":{"background-color":"var(--ast-global-color-5)","background-image":"","background-repeat":"repeat","background-position":"center center","background-size":"auto","background-attachment":"scroll","background-type":"","background-media":"","overlay-type":"","overlay-color":"","overlay-opacity":"","overlay-gradient":""},"mobile":{"background-color":"var(--ast-global-color-5)","background-image":"","background-repeat":"repeat","background-position":"center center","background-size":"auto","background-attachment":"scroll","background-type":"","background-media":"","overlay-type":"","overlay-color":"","overlay-opacity":"","overlay-gradient":""}}},"product_brand":[],"product_cat":[33,45],"product_tag":[71,70,69],"class_list":{"0":"post-2376","1":"product","2":"type-product","3":"status-publish","4":"has-post-thumbnail","6":"product_cat-guineapigs","7":"product_cat-guineapigs-snuggle-sacks","8":"product_tag-guinea-pig-accessories","9":"product_tag-guinea-pig-sleeping-bag","10":"product_tag-snuggle-sack","11":"desktop-align-left","12":"tablet-align-left","13":"mobile-align-left","15":"first","16":"instock","17":"shipping-taxable","18":"purchasable","19":"product-type-simple"},"jetpack_sharing_enabled":true,"_links":{"self":[{"href":"https:\/\/ohmylittlepet.com\/fi\/wp-json\/wp\/v2\/product\/2376","targetHints":{"allow":["GET"]}}],"collection":[{"href":"https:\/\/ohmylittlepet.com\/fi\/wp-json\/wp\/v2\/product"}],"about":[{"href":"https:\/\/ohmylittlepet.com\/fi\/wp-json\/wp\/v2\/types\/product"}],"wp:featuredmedia":[{"embeddable":true,"href":"https:\/\/ohmylittlepet.com\/fi\/wp-json\/wp\/v2\/media\/2377"}],"wp:attachment":[{"href":"https:\/\/ohmylittlepet.com\/fi\/wp-json\/wp\/v2\/media?parent=2376"}],"wp:term":[{"taxonomy":"product_brand","embeddable":true,"href":"https:\/\/ohmylittlepet.com\/fi\/wp-json\/wp\/v2\/product_brand?post=2376"},{"taxonomy":"product_cat","embeddable":true,"href":"https:\/\/ohmylittlepet.com\/fi\/wp-json\/wp\/v2\/product_cat?post=2376"},{"taxonomy":"product_tag","embeddable":true,"href":"https:\/\/ohmylittlepet.com\/fi\/wp-json\/wp\/v2\/product_tag?post=2376"}],"curies":[{"name":"wp","href":"https:\/\/api.w.org\/{rel}","templated":true}]}}