{"id":2147,"date":"2026-01-20T18:52:47","date_gmt":"2026-01-20T18:52:47","guid":{"rendered":"http:\/\/oh-my-little-pet.local\/?post_type=product&#038;p=2147"},"modified":"2026-01-21T14:35:35","modified_gmt":"2026-01-21T14:35:35","slug":"snuggle-bed","status":"publish","type":"product","link":"https:\/\/ohmylittlepet.com\/fi\/shop\/snuggle-bed\/","title":{"rendered":"Makuualusta"},"content":{"rendered":"<p data-start=\"288\" data-end=\"529\">T\u00e4m\u00e4 viihtyis\u00e4 kanin makuualusta on suunniteltu tarjoamaan mukavuutta ja turvallisuuden tunnetta. Pehme\u00e4t pehmustetut reunat luovat suojaisan lepopaikan, jossa kani voi venytell\u00e4, k\u00e4\u00e4riyty\u00e4 tai rentoutua mukavasti.<\/p>\n<p data-start=\"531\" data-end=\"760\">Makuualusta on valmistettu pehmeist\u00e4, lemmikkien hyvinvointia tukevista materiaaleista, tarjoten l\u00e4mpim\u00e4n ja kutsuvan alustan p\u00e4ivitt\u00e4iseen oleskeluun. Korotetut reunat m\u00e4\u00e4rittelev\u00e4t turvallisen tilan, mik\u00e4 tekee siit\u00e4 ihanteellisen kaneille, jotka nauttivat tuetusta rentoutumisesta tai torkuista.<\/p>\n<p class=\"p1\"><b>Mitat:<\/b> 36\u00d743 cm<\/p>\n<p class=\"p1\"><b>Mittavaihtelu:<\/b>\u00a00.5-1 cm<\/p>\n<p class=\"p1\"><b>Turvallisuusvinkki:<\/b><b><\/b><\/p>\n<p class=\"p1\">Lemmikit k\u00e4ytt\u00e4ytyv\u00e4t tekstiilituotteiden kanssa eri tavoin. Jotkut voivat purra tai nyki\u00e4 niit\u00e4. Vaikka fleece on kest\u00e4v\u00e4\u00e4, tuote kannattaa tarkistaa s\u00e4\u00e4nn\u00f6llisesti ja poistaa k\u00e4yt\u00f6st\u00e4, jos se vahingoittuu, lemmikkisi turvallisuuden varmistamiseksi.<\/p>","protected":false},"excerpt":{"rendered":"<p>Viihtyis\u00e4 makuualusta kaneille, pehmeill\u00e4 pehmustetuilla reunoilla. Tarjoaa mukavuutta, tukea ja turvallisuuden tunteen lepoon ja rentoutumiseen<\/p>","protected":false},"featured_media":2144,"template":"","meta":{"site-sidebar-layout":"default","site-content-layout":"","ast-site-content-layout":"default","site-content-style":"default","site-sidebar-style":"default","ast-global-header-display":"","ast-banner-title-visibility":"","ast-main-header-display":"","ast-hfb-above-header-display":"","ast-hfb-below-header-display":"","ast-hfb-mobile-header-display":"","site-post-title":"","ast-breadcrumbs-content":"","ast-featured-img":"","footer-sml-layout":"","ast-disable-related-posts":"","theme-transparent-header-meta":"default","adv-header-id-meta":"","stick-header-meta":"","header-above-stick-meta":"","header-main-stick-meta":"","header-below-stick-meta":"","astra-migrate-meta-layouts":"set","ast-page-background-enabled":"default","ast-page-background-meta":{"desktop":{"background-color":"var(--ast-global-color-4)","background-image":"","background-repeat":"repeat","background-position":"center center","background-size":"auto","background-attachment":"scroll","background-type":"","background-media":"","overlay-type":"","overlay-color":"","overlay-opacity":"","overlay-gradient":""},"tablet":{"background-color":"","background-image":"","background-repeat":"repeat","background-position":"center center","background-size":"auto","background-attachment":"scroll","background-type":"","background-media":"","overlay-type":"","overlay-color":"","overlay-opacity":"","overlay-gradient":""},"mobile":{"background-color":"","background-image":"","background-repeat":"repeat","background-position":"center center","background-size":"auto","background-attachment":"scroll","background-type":"","background-media":"","overlay-type":"","overlay-color":"","overlay-opacity":"","overlay-gradient":""}},"ast-content-background-meta":{"desktop":{"background-color":"var(--ast-global-color-5)","background-image":"","background-repeat":"repeat","background-position":"center center","background-size":"auto","background-attachment":"scroll","background-type":"","background-media":"","overlay-type":"","overlay-color":"","overlay-opacity":"","overlay-gradient":""},"tablet":{"background-color":"var(--ast-global-color-5)","background-image":"","background-repeat":"repeat","background-position":"center center","background-size":"auto","background-attachment":"scroll","background-type":"","background-media":"","overlay-type":"","overlay-color":"","overlay-opacity":"","overlay-gradient":""},"mobile":{"background-color":"var(--ast-global-color-5)","background-image":"","background-repeat":"repeat","background-position":"center center","background-size":"auto","background-attachment":"scroll","background-type":"","background-media":"","overlay-type":"","overlay-color":"","overlay-opacity":"","overlay-gradient":""}}},"product_brand":[],"product_cat":[34,46],"product_tag":[66,63,65,64],"class_list":{"0":"post-2147","1":"product","2":"type-product","3":"status-publish","4":"has-post-thumbnail","6":"product_cat-rabbits","7":"product_cat-rabbits-snuggle-beds","8":"product_tag-rabbit-accessories","9":"product_tag-rabbit-bed","10":"product_tag-rabbit-liner","11":"product_tag-rabbit-snuggle-bed","12":"desktop-align-left","13":"tablet-align-left","14":"mobile-align-left","16":"first","17":"instock","18":"shipping-taxable","19":"purchasable","20":"product-type-simple"},"jetpack_sharing_enabled":true,"_links":{"self":[{"href":"https:\/\/ohmylittlepet.com\/fi\/wp-json\/wp\/v2\/product\/2147","targetHints":{"allow":["GET"]}}],"collection":[{"href":"https:\/\/ohmylittlepet.com\/fi\/wp-json\/wp\/v2\/product"}],"about":[{"href":"https:\/\/ohmylittlepet.com\/fi\/wp-json\/wp\/v2\/types\/product"}],"wp:featuredmedia":[{"embeddable":true,"href":"https:\/\/ohmylittlepet.com\/fi\/wp-json\/wp\/v2\/media\/2144"}],"wp:attachment":[{"href":"https:\/\/ohmylittlepet.com\/fi\/wp-json\/wp\/v2\/media?parent=2147"}],"wp:term":[{"taxonomy":"product_brand","embeddable":true,"href":"https:\/\/ohmylittlepet.com\/fi\/wp-json\/wp\/v2\/product_brand?post=2147"},{"taxonomy":"product_cat","embeddable":true,"href":"https:\/\/ohmylittlepet.com\/fi\/wp-json\/wp\/v2\/product_cat?post=2147"},{"taxonomy":"product_tag","embeddable":true,"href":"https:\/\/ohmylittlepet.com\/fi\/wp-json\/wp\/v2\/product_tag?post=2147"}],"curies":[{"name":"wp","href":"https:\/\/api.w.org\/{rel}","templated":true}]}}