{"id":2107,"date":"2026-01-20T13:37:01","date_gmt":"2026-01-20T13:37:01","guid":{"rendered":"http:\/\/oh-my-little-pet.local\/?post_type=product&#038;p=2107"},"modified":"2026-03-18T17:13:48","modified_gmt":"2026-03-18T17:13:48","slug":"soft-mat-medium","status":"publish","type":"product","link":"https:\/\/ohmylittlepet.com\/fi\/shop\/soft-mat-medium\/","title":{"rendered":"Pehme\u00e4 alusta, keskikoko"},"content":{"rendered":"<p data-start=\"214\" data-end=\"594\">Tarjoa pienelle lemmikillesi parasta mukavuutta t\u00e4ll\u00e4 pehme\u00e4ll\u00e4 ja viihtyis\u00e4ll\u00e4 makuualustalla. Se sopii h\u00e4kkeihin, kuljetusbokseihin, nukkumapaikoille tai jopa pissialustaksi. T\u00e4ysin fleecest\u00e4 valmistettu alusta imee kosteutta tehokkaasti ja kuivuu nopeasti, pit\u00e4en lemmikkisi kuivana ja puhtaana. K\u00e4yt\u00e4nn\u00f6llinen, kevyt ja turvallinen.<\/p>\n<p data-start=\"214\" data-end=\"594\"><strong>Mitat:<\/strong> 29\u00d737 cm<\/p>\n<p data-start=\"214\" data-end=\"594\"><strong>Mittavaihtelu:<\/strong>\u00a00.5-1 cm<\/p>\n<p data-start=\"655\" data-end=\"869\"><strong data-start=\"655\" data-end=\"673\">Turvallisuusvinkki:<\/strong><br data-start=\"673\" data-end=\"676\" \/>Lemmikit k\u00e4ytt\u00e4ytyv\u00e4t tekstiilituotteiden kanssa eri tavoin. Jotkut voivat purra tai nyki\u00e4 niit\u00e4. Vaikka fleece on kest\u00e4v\u00e4\u00e4, tuote kannattaa tarkistaa s\u00e4\u00e4nn\u00f6llisesti ja poistaa k\u00e4yt\u00f6st\u00e4, jos se vahingoittuu, lemmikkisi turvallisuuden varmistamiseksi.<\/p>","protected":false},"excerpt":{"rendered":"<p>Pehme\u00e4 ja viihtyis\u00e4 makuualusta pienille lemmikeille. Sopii h\u00e4kkeihin, kuljetusbokseihin ja nukkumapaikoille. Imee kosteutta tehokkaasti ja kuivuu nopeasti<\/p>","protected":false},"featured_media":2850,"template":"","meta":{"site-sidebar-layout":"default","site-content-layout":"","ast-site-content-layout":"default","site-content-style":"default","site-sidebar-style":"default","ast-global-header-display":"","ast-banner-title-visibility":"","ast-main-header-display":"","ast-hfb-above-header-display":"","ast-hfb-below-header-display":"","ast-hfb-mobile-header-display":"","site-post-title":"","ast-breadcrumbs-content":"","ast-featured-img":"","footer-sml-layout":"","ast-disable-related-posts":"","theme-transparent-header-meta":"default","adv-header-id-meta":"","stick-header-meta":"","header-above-stick-meta":"","header-main-stick-meta":"","header-below-stick-meta":"","astra-migrate-meta-layouts":"set","ast-page-background-enabled":"default","ast-page-background-meta":{"desktop":{"background-color":"var(--ast-global-color-4)","background-image":"","background-repeat":"repeat","background-position":"center center","background-size":"auto","background-attachment":"scroll","background-type":"","background-media":"","overlay-type":"","overlay-color":"","overlay-opacity":"","overlay-gradient":""},"tablet":{"background-color":"","background-image":"","background-repeat":"repeat","background-position":"center center","background-size":"auto","background-attachment":"scroll","background-type":"","background-media":"","overlay-type":"","overlay-color":"","overlay-opacity":"","overlay-gradient":""},"mobile":{"background-color":"","background-image":"","background-repeat":"repeat","background-position":"center center","background-size":"auto","background-attachment":"scroll","background-type":"","background-media":"","overlay-type":"","overlay-color":"","overlay-opacity":"","overlay-gradient":""}},"ast-content-background-meta":{"desktop":{"background-color":"var(--ast-global-color-5)","background-image":"","background-repeat":"repeat","background-position":"center center","background-size":"auto","background-attachment":"scroll","background-type":"","background-media":"","overlay-type":"","overlay-color":"","overlay-opacity":"","overlay-gradient":""},"tablet":{"background-color":"var(--ast-global-color-5)","background-image":"","background-repeat":"repeat","background-position":"center center","background-size":"auto","background-attachment":"scroll","background-type":"","background-media":"","overlay-type":"","overlay-color":"","overlay-opacity":"","overlay-gradient":""},"mobile":{"background-color":"var(--ast-global-color-5)","background-image":"","background-repeat":"repeat","background-position":"center center","background-size":"auto","background-attachment":"scroll","background-type":"","background-media":"","overlay-type":"","overlay-color":"","overlay-opacity":"","overlay-gradient":""}}},"product_brand":[],"product_cat":[32,35,33,48,51,40,43,47,34,36],"product_tag":[56,57,55],"class_list":{"0":"post-2107","1":"product","2":"type-product","3":"status-publish","4":"has-post-thumbnail","6":"product_cat-chinchillas","7":"product_cat-ferrets","8":"product_cat-guineapigs","9":"product_cat-ferrets-mats-liners","10":"product_cat-rats-mice-degus-mats-liners","11":"product_cat-guineapigs-mats-liners","12":"product_cat-chinchillas-mats-liners","13":"product_cat-rabbits-mats-liners","14":"product_cat-rabbits","15":"product_cat-rats-degus","16":"product_tag-chinchilla-peepad","17":"product_tag-guinea-pig-mat","18":"product_tag-softmat","19":"desktop-align-left","20":"tablet-align-left","21":"mobile-align-left","23":"first","24":"instock","25":"shipping-taxable","26":"purchasable","27":"product-type-variable"},"jetpack_sharing_enabled":true,"_links":{"self":[{"href":"https:\/\/ohmylittlepet.com\/fi\/wp-json\/wp\/v2\/product\/2107","targetHints":{"allow":["GET"]}}],"collection":[{"href":"https:\/\/ohmylittlepet.com\/fi\/wp-json\/wp\/v2\/product"}],"about":[{"href":"https:\/\/ohmylittlepet.com\/fi\/wp-json\/wp\/v2\/types\/product"}],"wp:featuredmedia":[{"embeddable":true,"href":"https:\/\/ohmylittlepet.com\/fi\/wp-json\/wp\/v2\/media\/2850"}],"wp:attachment":[{"href":"https:\/\/ohmylittlepet.com\/fi\/wp-json\/wp\/v2\/media?parent=2107"}],"wp:term":[{"taxonomy":"product_brand","embeddable":true,"href":"https:\/\/ohmylittlepet.com\/fi\/wp-json\/wp\/v2\/product_brand?post=2107"},{"taxonomy":"product_cat","embeddable":true,"href":"https:\/\/ohmylittlepet.com\/fi\/wp-json\/wp\/v2\/product_cat?post=2107"},{"taxonomy":"product_tag","embeddable":true,"href":"https:\/\/ohmylittlepet.com\/fi\/wp-json\/wp\/v2\/product_tag?post=2107"}],"curies":[{"name":"wp","href":"https:\/\/api.w.org\/{rel}","templated":true}]}}