{"id":2806,"date":"2026-02-03T14:57:54","date_gmt":"2026-02-03T14:57:54","guid":{"rendered":"http:\/\/oh-my-little-pet.local\/?page_id=2806"},"modified":"2026-02-05T12:05:51","modified_gmt":"2026-02-05T12:05:51","slug":"safety-disclaimer","status":"publish","type":"page","link":"https:\/\/ohmylittlepet.com\/fi\/safety-disclaimer\/","title":{"rendered":"Turvallisuusilmoitus"},"content":{"rendered":"<div data-elementor-type=\"wp-page\" data-elementor-id=\"2806\" class=\"elementor elementor-2806\">\n\t\t\t\t<div class=\"elementor-element elementor-element-7ab37ff7 e-flex e-con-boxed e-con e-parent\" data-id=\"7ab37ff7\" data-element_type=\"container\" data-e-type=\"container\">\n\t\t\t\t\t<div class=\"e-con-inner\">\n\t\t\t\t<div class=\"elementor-element elementor-element-63b6c5d3 elementor-widget elementor-widget-text-editor\" data-id=\"63b6c5d3\" data-element_type=\"widget\" data-e-type=\"widget\" data-widget_type=\"text-editor.default\">\n\t\t\t\t<div class=\"elementor-widget-container\">\n\t\t\t\t\t\t\t\t\t<h2 class=\"wp-block-heading\">Turvallisuusilmoitus<\/h2>\n<p><!-- \/wp:heading --><!-- wp:paragraph --><\/p>\n<p><em>Viimeksi p\u00e4ivitetty: 03.02.2026<\/em><\/p>\n<p><!-- \/wp:paragraph --><!-- wp:paragraph --><\/p>\n<p>Kaikki <strong>Oh My LIttle Pet<\/strong> -verkkokaupasta myyt\u00e4v\u00e4t tuotteet on tarkoitettu pienille lemmikeille. K\u00e4yt\u00e4 tuotteita aina ohjeiden ja yleisten lemmikinhoitok\u00e4yt\u00e4nt\u00f6jen mukaisesti.<\/p>\n<p><!-- \/wp:paragraph --><!-- wp:paragraph --><\/p>\n<p>Lemmikit voivat reagoida tuotteisiin eri tavoin. Tuotteiden k\u00e4ytt\u00f6 tapahtuu k\u00e4ytt\u00e4j\u00e4n omalla vastuulla. Oh My Little Pet ei ole vastuussa mahdollisista vammoista, allergisista reaktioista tai vahingoista, jotka johtuvat tuotteiden virheellisest\u00e4 k\u00e4yt\u00f6st\u00e4.<\/p>\n<p><!-- \/wp:paragraph --><!-- wp:paragraph --><\/p>\n<p>Tarkista s\u00e4\u00e4nn\u00f6llisesti tekstiilit sek\u00e4 puuosat kulumisen tai vahingoittumisen varalta. Varmista, ett\u00e4 tuotteet on kiinnitetty turvallisesti, ja poista tuote, jos se on vahingoittunut, ep\u00e4vakaa tai vaarallinen lemmikillesi.<\/p>\n<p><!-- \/wp:paragraph --><!-- wp:paragraph --><\/p>\n<p><!-- \/wp:paragraph --><!-- wp:paragraph --><\/p>\n<p>Kysymyksiss\u00e4 tuotteiden turvallisuudesta, ota yhteytt\u00e4: <strong><a>info@ohmylittlepet.fi<\/a><\/strong>.<\/p>\n<p>\u00a0<\/p>\n<p><!-- \/wp:paragraph --><\/p>\t\t\t\t\t\t\t\t<\/div>\n\t\t\t\t<\/div>\n\t\t\t\t\t<\/div>\n\t\t\t\t<\/div>\n\t\t\t\t<\/div>","protected":false},"excerpt":{"rendered":"<p>Safety Disclaimer Last updated: 03.02.2026 All products sold by Oh My Little Pet are intended for small pets only. Please [&hellip;]<\/p>\n","protected":false},"author":37,"featured_media":0,"parent":0,"menu_order":0,"comment_status":"closed","ping_status":"closed","template":"","meta":{"site-sidebar-layout":"default","site-content-layout":"","ast-site-content-layout":"default","site-content-style":"default","site-sidebar-style":"default","ast-global-header-display":"","ast-banner-title-visibility":"","ast-main-header-display":"","ast-hfb-above-header-display":"","ast-hfb-below-header-display":"","ast-hfb-mobile-header-display":"","site-post-title":"disabled","ast-breadcrumbs-content":"","ast-featured-img":"","footer-sml-layout":"","ast-disable-related-posts":"","theme-transparent-header-meta":"","adv-header-id-meta":"","stick-header-meta":"","header-above-stick-meta":"","header-main-stick-meta":"","header-below-stick-meta":"","astra-migrate-meta-layouts":"set","ast-page-background-enabled":"default","ast-page-background-meta":{"desktop":{"background-color":"var(--ast-global-color-4)","background-image":"","background-repeat":"repeat","background-position":"center center","background-size":"auto","background-attachment":"scroll","background-type":"","background-media":"","overlay-type":"","overlay-color":"","overlay-opacity":"","overlay-gradient":""},"tablet":{"background-color":"","background-image":"","background-repeat":"repeat","background-position":"center center","background-size":"auto","background-attachment":"scroll","background-type":"","background-media":"","overlay-type":"","overlay-color":"","overlay-opacity":"","overlay-gradient":""},"mobile":{"background-color":"","background-image":"","background-repeat":"repeat","background-position":"center center","background-size":"auto","background-attachment":"scroll","background-type":"","background-media":"","overlay-type":"","overlay-color":"","overlay-opacity":"","overlay-gradient":""}},"ast-content-background-meta":{"desktop":{"background-color":"var(--ast-global-color-5)","background-image":"","background-repeat":"repeat","background-position":"center center","background-size":"auto","background-attachment":"scroll","background-type":"","background-media":"","overlay-type":"","overlay-color":"","overlay-opacity":"","overlay-gradient":""},"tablet":{"background-color":"var(--ast-global-color-5)","background-image":"","background-repeat":"repeat","background-position":"center center","background-size":"auto","background-attachment":"scroll","background-type":"","background-media":"","overlay-type":"","overlay-color":"","overlay-opacity":"","overlay-gradient":""},"mobile":{"background-color":"var(--ast-global-color-5)","background-image":"","background-repeat":"repeat","background-position":"center center","background-size":"auto","background-attachment":"scroll","background-type":"","background-media":"","overlay-type":"","overlay-color":"","overlay-opacity":"","overlay-gradient":""}},"footnotes":""},"class_list":["post-2806","page","type-page","status-publish","hentry"],"_hostinger_reach_plugin_has_subscription_block":false,"_hostinger_reach_plugin_is_elementor":false,"jetpack_sharing_enabled":true,"_links":{"self":[{"href":"https:\/\/ohmylittlepet.com\/fi\/wp-json\/wp\/v2\/pages\/2806","targetHints":{"allow":["GET"]}}],"collection":[{"href":"https:\/\/ohmylittlepet.com\/fi\/wp-json\/wp\/v2\/pages"}],"about":[{"href":"https:\/\/ohmylittlepet.com\/fi\/wp-json\/wp\/v2\/types\/page"}],"author":[{"embeddable":true,"href":"https:\/\/ohmylittlepet.com\/fi\/wp-json\/wp\/v2\/users\/37"}],"replies":[{"embeddable":true,"href":"https:\/\/ohmylittlepet.com\/fi\/wp-json\/wp\/v2\/comments?post=2806"}],"version-history":[{"count":11,"href":"https:\/\/ohmylittlepet.com\/fi\/wp-json\/wp\/v2\/pages\/2806\/revisions"}],"predecessor-version":[{"id":2901,"href":"https:\/\/ohmylittlepet.com\/fi\/wp-json\/wp\/v2\/pages\/2806\/revisions\/2901"}],"wp:attachment":[{"href":"https:\/\/ohmylittlepet.com\/fi\/wp-json\/wp\/v2\/media?parent=2806"}],"curies":[{"name":"wp","href":"https:\/\/api.w.org\/{rel}","templated":true}]}}